{"id":86045,"date":"2023-01-29T20:01:18","date_gmt":"2023-01-29T20:01:18","guid":{"rendered":"https:\/\/beta1.windom.com.pl\/index.php\/showcase-layout-3\/"},"modified":"2023-01-29T20:01:18","modified_gmt":"2023-01-29T20:01:18","slug":"showcase-layout-3","status":"publish","type":"page","link":"https:\/\/beta1.windom.com.pl\/index.php\/showcase-layout-3\/","title":{"rendered":"Showcase layout 3"},"content":{"rendered":"\t\t<div data-elementor-type=\"wp-page\" data-elementor-id=\"86045\" class=\"elementor elementor-86045\" data-elementor-post-type=\"page\">\n\t\t\t\t\t\t<section class=\"elementor-section elementor-top-section elementor-element elementor-element-f5aecfa elementor-section-boxed elementor-section-height-default elementor-section-height-default\" data-id=\"f5aecfa\" data-element_type=\"section\">\n\t\t\t\t\t\t<div class=\"elementor-container elementor-column-gap-wide\">\n\t\t\t\t\t<div class=\"elementor-column elementor-col-100 elementor-top-column elementor-element elementor-element-44e19ac\" data-id=\"44e19ac\" data-element_type=\"column\">\n\t\t\t<div class=\"elementor-widget-wrap elementor-element-populated\">\n\t\t\t\t\t\t<div class=\"elementor-element elementor-element-a852183 elementor-widget elementor-widget-heading\" data-id=\"a852183\" data-element_type=\"widget\" data-widget_type=\"heading.default\">\n\t\t\t\t\t\t\t<h3 class=\"elementor-heading-title elementor-size-default\">Fresh ideas. Bold design. Smart realisation.<\/h3>\t\t\t\t<\/div>\n\t\t\t\t\t<\/div>\n\t\t<\/div>\n\t\t\t\t\t<\/div>\n\t\t<\/section>\n\t\t\t\t<section class=\"elementor-section elementor-top-section elementor-element elementor-element-530d515 elementor-section-boxed elementor-section-height-default elementor-section-height-default\" data-id=\"530d515\" data-element_type=\"section\">\n\t\t\t\t\t\t<div class=\"elementor-container elementor-column-gap-wide\">\n\t\t\t\t\t<div class=\"elementor-column elementor-col-100 elementor-top-column elementor-element elementor-element-1566a06\" data-id=\"1566a06\" data-element_type=\"column\">\n\t\t\t<div class=\"elementor-widget-wrap elementor-element-populated\">\n\t\t\t\t\t\t<div class=\"elementor-element elementor-element-4c91301 elementor-widget elementor-widget-the7-taxonomy-filter\" data-id=\"4c91301\" data-element_type=\"widget\" data-widget_type=\"the7-taxonomy-filter.default\">\n\t\t\t\t\t\t<div class=\"elementor-widget-container\">\n\t\t\t\t\t<div class=\"filter-decorations without-isotope filter filter-pointer-underline filter-animation-fade\"><div class=\"filter-categories\"><a href=\"\/index.php\/wp-json\/wp\/v2\/pages\/86045\" class=\"show-all filter-item act\">All<\/a><a class=\"filter-item\" href=\"\/index.php\/wp-json\/wp\/v2\/pages\/86045?taxonomy=case_category&#038;term=ofirmie\" data-filter=\".category-280\">OFirmie<\/a><a class=\"filter-item\" href=\"\/index.php\/wp-json\/wp\/v2\/pages\/86045?taxonomy=case_category&#038;term=realizacje\" data-filter=\".category-279\">Realizacje<\/a><\/div><\/div>\t\t\t\t<\/div>\n\t\t\t\t<\/div>\n\t\t\t\t<div class=\"elementor-element elementor-element-51ac541 image-vertical-align-center img-align-mobile-top icon-box-vertical-align-top img-align-left preserve-img-ratio-cover slide-h-position-left elementor-widget elementor-widget-the7-elements-simple-posts\" data-id=\"51ac541\" data-element_type=\"widget\" data-widget_type=\"the7-elements-simple-posts.default\">\n\t\t\t\t\t\t<div class=\"elementor-widget-container\">\n\t\t\t\t\t<div class=\"the7-simple-widget-posts the7-elementor-widget the7-elements-simple-posts-51ac541 jquery-filter jquery-filter\" data-post-limit=\"6\" data-pagination-mode=\"load-more\" data-scroll-offset=\"\" aria-live=\"assertive\">\t\t\t<div class=\"dt-css-grid custom-pagination-handler\" data-columns=\"{&quot;d&quot;:2,&quot;t&quot;:null,&quot;p&quot;:null,&quot;wd&quot;:&quot;&quot;}\">\n\t\t\t\t\t\t\t\t\t<div class=\"wf-cell visible \">\n\t\t\t\t\t\t<article class=\"post visible wrapper post-82198 showcase type-showcase status-publish has-post-thumbnail hentry case_category-realizacje\">\n\n\t\t\t\t\t\t\t<div class=\"post-content-wrapper\">\n\t\t\t\t\t\t\t\t\t\t\t\t\t\t\t\t\t<div class=\"the7-simple-post-thumb\">\n\t\t\t\t\t\t\t\t\t\t<a class=\"post-thumbnail-rollover layzr-bg img-css-resize-wrapper\" aria-label=\"Post image\" href=\"https:\/\/beta1.windom.com.pl\/index.php\/showcase\/case001\/\"><img fetchpriority=\"high\" decoding=\"async\" width=\"1500\" height=\"1500\" src=\"data:image\/svg+xml,%3Csvg%20xmlns%3D&#039;http%3A%2F%2Fwww.w3.org%2F2000%2Fsvg&#039;%20viewBox%3D&#039;0%200%201500%201500&#039;%2F%3E\" class=\"attachment-full size-full preload-me aspect lazy lazy-load\" alt=\"\" sizes=\"(max-width: 1500px) 100vw, 1500px\" style=\"--ratio: 1500 \/ 1500;\" data-src=\"https:\/\/beta1.windom.com.pl\/wp-content\/uploads\/2020\/05\/3d024.jpg\" loading=\"eager\" data-srcset=\"https:\/\/beta1.windom.com.pl\/wp-content\/uploads\/2020\/05\/3d024.jpg 1500w, https:\/\/beta1.windom.com.pl\/wp-content\/uploads\/2020\/05\/3d024-300x300.jpg 300w, https:\/\/beta1.windom.com.pl\/wp-content\/uploads\/2020\/05\/3d024-1024x1024.jpg 1024w, https:\/\/beta1.windom.com.pl\/wp-content\/uploads\/2020\/05\/3d024-150x150.jpg 150w, https:\/\/beta1.windom.com.pl\/wp-content\/uploads\/2020\/05\/3d024-768x768.jpg 768w\" \/><span class=\"the7-hover-icon\"><svg xmlns=\"http:\/\/www.w3.org\/2000\/svg\" viewBox=\"0 0 24 24\" width=\"24\" height=\"24\"><path fill=\"none\" d=\"M0 0h24v24H0z\"><\/path><path d=\"M5 10c-1.1 0-2 .9-2 2s.9 2 2 2 2-.9 2-2-.9-2-2-2zm14 0c-1.1 0-2 .9-2 2s.9 2 2 2 2-.9 2-2-.9-2-2-2zm-7 0c-1.1 0-2 .9-2 2s.9 2 2 2 2-.9 2-2-.9-2-2-2z\"><\/path><\/svg><\/span><\/a>\t\t\t\t\t\t\t\t\t<\/div>\n\t\t\t\t\t\t\t\t\t\t\t\t\t\t\t\t<div class=\"post-entry-content\">\n\t\t\t\t\t\t\t\t\t<h5 class=\"heading\"><a href=\"https:\/\/beta1.windom.com.pl\/index.php\/showcase\/case001\/\" rel=\"bookmark\" title=\"Neon Lights\" class=\"post-title\">Neon Lights<\/a><\/h5><div class=\"entry-meta\"><span class=\"meta-item category-link\"><a href=\"https:\/\/beta1.windom.com.pl\/index.php\/case_category\/realizacje\/\" rel=\"tag\">Realizacje<\/a><\/span><\/div><p class=\"short-description\">Phasellus vel orci vel orci tincidunt interdum. Nunc quis viverra metus cursus tempor purus et tincidunt.<\/p>\t\t\t\t\t\t\t\t<\/div>\n\t\t\t\t\t\t\t<\/div>\n\t\t\t\t\t\t<\/article>\n\t\t\t\t\t<\/div>\t\t\t\t\t\t\t\t\t\t<div class=\"wf-cell visible \">\n\t\t\t\t\t\t<article class=\"post visible wrapper post-82199 showcase type-showcase status-publish has-post-thumbnail hentry case_category-ofirmie\">\n\n\t\t\t\t\t\t\t<div class=\"post-content-wrapper\">\n\t\t\t\t\t\t\t\t\t\t\t\t\t\t\t\t\t<div class=\"the7-simple-post-thumb\">\n\t\t\t\t\t\t\t\t\t\t<a class=\"post-thumbnail-rollover layzr-bg img-css-resize-wrapper\" aria-label=\"Post image\" href=\"https:\/\/beta1.windom.com.pl\/index.php\/showcase\/ofirmie\/\"><img decoding=\"async\" width=\"800\" height=\"534\" src=\"data:image\/svg+xml,%3Csvg%20xmlns%3D&#039;http%3A%2F%2Fwww.w3.org%2F2000%2Fsvg&#039;%20viewBox%3D&#039;0%200%20800%20534&#039;%2F%3E\" class=\"attachment-full size-full preload-me aspect lazy lazy-load\" alt=\"\" sizes=\"(max-width: 800px) 100vw, 800px\" style=\"--ratio: 800 \/ 534;\" data-src=\"https:\/\/beta1.windom.com.pl\/wp-content\/uploads\/2023\/04\/windom_konserwacja.jpg\" loading=\"eager\" data-srcset=\"https:\/\/beta1.windom.com.pl\/wp-content\/uploads\/2023\/04\/windom_konserwacja.jpg 800w, https:\/\/beta1.windom.com.pl\/wp-content\/uploads\/2023\/04\/windom_konserwacja-300x200.jpg 300w, https:\/\/beta1.windom.com.pl\/wp-content\/uploads\/2023\/04\/windom_konserwacja-768x513.jpg 768w, https:\/\/beta1.windom.com.pl\/wp-content\/uploads\/2023\/04\/windom_konserwacja-200x134.jpg 200w, https:\/\/beta1.windom.com.pl\/wp-content\/uploads\/2023\/04\/windom_konserwacja-400x267.jpg 400w, https:\/\/beta1.windom.com.pl\/wp-content\/uploads\/2023\/04\/windom_konserwacja-600x401.jpg 600w\" \/><span class=\"the7-hover-icon\"><svg xmlns=\"http:\/\/www.w3.org\/2000\/svg\" viewBox=\"0 0 24 24\" width=\"24\" height=\"24\"><path fill=\"none\" d=\"M0 0h24v24H0z\"><\/path><path d=\"M5 10c-1.1 0-2 .9-2 2s.9 2 2 2 2-.9 2-2-.9-2-2-2zm14 0c-1.1 0-2 .9-2 2s.9 2 2 2 2-.9 2-2-.9-2-2-2zm-7 0c-1.1 0-2 .9-2 2s.9 2 2 2 2-.9 2-2-.9-2-2-2z\"><\/path><\/svg><\/span><\/a>\t\t\t\t\t\t\t\t\t<\/div>\n\t\t\t\t\t\t\t\t\t\t\t\t\t\t\t\t<div class=\"post-entry-content\">\n\t\t\t\t\t\t\t\t\t<h5 class=\"heading\"><a href=\"https:\/\/beta1.windom.com.pl\/index.php\/showcase\/ofirmie\/\" rel=\"bookmark\" title=\"O Firmie\" class=\"post-title\">O Firmie<\/a><\/h5><div class=\"entry-meta\"><span class=\"meta-item category-link\"><a href=\"https:\/\/beta1.windom.com.pl\/index.php\/case_category\/ofirmie\/\" rel=\"tag\">OFirmie<\/a><\/span><\/div><p class=\"short-description\">Firma WINDOM powsta\u0142a w 1990 roku i od tamtej pory nieprzerwanie dzia\u0142a na terenie wojew\u00f3dztwa \u015bl\u0105skiego, specjalizuj\u0105c si\u0119 w projektowaniu, monta\u017cu, modernizacji oraz konserwacji urz\u0105dze\u0144 d\u017awigowych.<\/p>\t\t\t\t\t\t\t\t<\/div>\n\t\t\t\t\t\t\t<\/div>\n\t\t\t\t\t\t<\/article>\n\t\t\t\t\t<\/div>\t\t\t\t\t\t\t\t\t\t<div class=\"wf-cell visible \">\n\t\t\t\t\t\t<article class=\"post visible wrapper post-82200 showcase type-showcase status-publish has-post-thumbnail hentry case_category-realizacje\">\n\n\t\t\t\t\t\t\t<div class=\"post-content-wrapper\">\n\t\t\t\t\t\t\t\t\t\t\t\t\t\t\t\t\t<div class=\"the7-simple-post-thumb\">\n\t\t\t\t\t\t\t\t\t\t<a class=\"post-thumbnail-rollover layzr-bg img-css-resize-wrapper\" aria-label=\"Post image\" href=\"https:\/\/beta1.windom.com.pl\/index.php\/showcase\/case003\/\"><img decoding=\"async\" width=\"1500\" height=\"1500\" src=\"data:image\/svg+xml,%3Csvg%20xmlns%3D&#039;http%3A%2F%2Fwww.w3.org%2F2000%2Fsvg&#039;%20viewBox%3D&#039;0%200%201500%201500&#039;%2F%3E\" class=\"attachment-full size-full preload-me aspect lazy lazy-load\" alt=\"\" sizes=\"(max-width: 1500px) 100vw, 1500px\" style=\"--ratio: 1500 \/ 1500;\" data-src=\"https:\/\/beta1.windom.com.pl\/wp-content\/uploads\/2020\/03\/3d020.jpg\" loading=\"eager\" data-srcset=\"https:\/\/beta1.windom.com.pl\/wp-content\/uploads\/2020\/03\/3d020.jpg 1500w, https:\/\/beta1.windom.com.pl\/wp-content\/uploads\/2020\/03\/3d020-300x300.jpg 300w, https:\/\/beta1.windom.com.pl\/wp-content\/uploads\/2020\/03\/3d020-1024x1024.jpg 1024w, https:\/\/beta1.windom.com.pl\/wp-content\/uploads\/2020\/03\/3d020-150x150.jpg 150w, https:\/\/beta1.windom.com.pl\/wp-content\/uploads\/2020\/03\/3d020-768x768.jpg 768w\" \/><span class=\"the7-hover-icon\"><svg xmlns=\"http:\/\/www.w3.org\/2000\/svg\" viewBox=\"0 0 24 24\" width=\"24\" height=\"24\"><path fill=\"none\" d=\"M0 0h24v24H0z\"><\/path><path d=\"M5 10c-1.1 0-2 .9-2 2s.9 2 2 2 2-.9 2-2-.9-2-2-2zm14 0c-1.1 0-2 .9-2 2s.9 2 2 2 2-.9 2-2-.9-2-2-2zm-7 0c-1.1 0-2 .9-2 2s.9 2 2 2 2-.9 2-2-.9-2-2-2z\"><\/path><\/svg><\/span><\/a>\t\t\t\t\t\t\t\t\t<\/div>\n\t\t\t\t\t\t\t\t\t\t\t\t\t\t\t\t<div class=\"post-entry-content\">\n\t\t\t\t\t\t\t\t\t<h5 class=\"heading\"><a href=\"https:\/\/beta1.windom.com.pl\/index.php\/showcase\/case003\/\" rel=\"bookmark\" title=\"Smart Living\" class=\"post-title\">Smart Living<\/a><\/h5><div class=\"entry-meta\"><span class=\"meta-item category-link\"><a href=\"https:\/\/beta1.windom.com.pl\/index.php\/case_category\/realizacje\/\" rel=\"tag\">Realizacje<\/a><\/span><\/div><p class=\"short-description\">Nam consequat nibh justo dolor non sollicitudin sem placerat vitae.<\/p>\t\t\t\t\t\t\t\t<\/div>\n\t\t\t\t\t\t\t<\/div>\n\t\t\t\t\t\t<\/article>\n\t\t\t\t\t<\/div>\t\t\t\t\t\t\t\t\t\t<div class=\"wf-cell visible \">\n\t\t\t\t\t\t<article class=\"post visible wrapper no-img post-82201 showcase type-showcase status-publish hentry case_category-ofirmie\">\n\n\t\t\t\t\t\t\t<div class=\"post-content-wrapper\">\n\t\t\t\t\t\t\t\t\t\t\t\t\t\t\t\t<div class=\"post-entry-content\">\n\t\t\t\t\t\t\t\t\t<h5 class=\"heading\"><a href=\"https:\/\/beta1.windom.com.pl\/index.php\/showcase\/praca\/\" rel=\"bookmark\" title=\"Pracuj z nami\" class=\"post-title\">Pracuj z nami<\/a><\/h5><div class=\"entry-meta\"><span class=\"meta-item category-link\"><a href=\"https:\/\/beta1.windom.com.pl\/index.php\/case_category\/ofirmie\/\" rel=\"tag\">OFirmie<\/a><\/span><\/div><p class=\"short-description\">Praca w m\u0142odym rozwijaj\u0105cym si\u0119 zespole.<\/p>\t\t\t\t\t\t\t\t<\/div>\n\t\t\t\t\t\t\t<\/div>\n\t\t\t\t\t\t<\/article>\n\t\t\t\t\t<\/div>\t\t\t\t\t\t\t\t\t\t<div class=\"wf-cell visible \">\n\t\t\t\t\t\t<article class=\"post visible wrapper post-82203 showcase type-showcase status-publish has-post-thumbnail hentry case_category-realizacje\">\n\n\t\t\t\t\t\t\t<div class=\"post-content-wrapper\">\n\t\t\t\t\t\t\t\t\t\t\t\t\t\t\t\t\t<div class=\"the7-simple-post-thumb\">\n\t\t\t\t\t\t\t\t\t\t<a class=\"post-thumbnail-rollover layzr-bg img-css-resize-wrapper\" aria-label=\"Post image\" href=\"https:\/\/beta1.windom.com.pl\/index.php\/showcase\/case006\/\"><img decoding=\"async\" width=\"1500\" height=\"1000\" src=\"data:image\/svg+xml,%3Csvg%20xmlns%3D&#039;http%3A%2F%2Fwww.w3.org%2F2000%2Fsvg&#039;%20viewBox%3D&#039;0%200%201500%201000&#039;%2F%3E\" class=\"attachment-full size-full preload-me aspect lazy lazy-load\" alt=\"\" sizes=\"(max-width: 1500px) 100vw, 1500px\" style=\"--ratio: 1500 \/ 1000;\" data-src=\"https:\/\/beta1.windom.com.pl\/wp-content\/uploads\/2020\/03\/3d019.jpg\" loading=\"eager\" data-srcset=\"https:\/\/beta1.windom.com.pl\/wp-content\/uploads\/2020\/03\/3d019.jpg 1500w, https:\/\/beta1.windom.com.pl\/wp-content\/uploads\/2020\/03\/3d019-300x200.jpg 300w, https:\/\/beta1.windom.com.pl\/wp-content\/uploads\/2020\/03\/3d019-1024x683.jpg 1024w, https:\/\/beta1.windom.com.pl\/wp-content\/uploads\/2020\/03\/3d019-768x512.jpg 768w\" \/><span class=\"the7-hover-icon\"><svg xmlns=\"http:\/\/www.w3.org\/2000\/svg\" viewBox=\"0 0 24 24\" width=\"24\" height=\"24\"><path fill=\"none\" d=\"M0 0h24v24H0z\"><\/path><path d=\"M5 10c-1.1 0-2 .9-2 2s.9 2 2 2 2-.9 2-2-.9-2-2-2zm14 0c-1.1 0-2 .9-2 2s.9 2 2 2 2-.9 2-2-.9-2-2-2zm-7 0c-1.1 0-2 .9-2 2s.9 2 2 2 2-.9 2-2-.9-2-2-2z\"><\/path><\/svg><\/span><\/a>\t\t\t\t\t\t\t\t\t<\/div>\n\t\t\t\t\t\t\t\t\t\t\t\t\t\t\t\t<div class=\"post-entry-content\">\n\t\t\t\t\t\t\t\t\t<h5 class=\"heading\"><a href=\"https:\/\/beta1.windom.com.pl\/index.php\/showcase\/case006\/\" rel=\"bookmark\" title=\"Ideabox\" class=\"post-title\">Ideabox<\/a><\/h5><div class=\"entry-meta\"><span class=\"meta-item category-link\"><a href=\"https:\/\/beta1.windom.com.pl\/index.php\/case_category\/realizacje\/\" rel=\"tag\">Realizacje<\/a><\/span><\/div><p class=\"short-description\">Pellentesque habitant morbi tristique senectus blandit ipsum ornare efficitur massa convallis vitae. <\/p>\t\t\t\t\t\t\t\t<\/div>\n\t\t\t\t\t\t\t<\/div>\n\t\t\t\t\t\t<\/article>\n\t\t\t\t\t<\/div>\t\t\t\t\t\t\t\t\t\t<div class=\"wf-cell visible \">\n\t\t\t\t\t\t<article class=\"post visible wrapper no-img post-82208 showcase type-showcase status-publish hentry\">\n\n\t\t\t\t\t\t\t<div class=\"post-content-wrapper\">\n\t\t\t\t\t\t\t\t\t\t\t\t\t\t\t\t<div class=\"post-entry-content\">\n\t\t\t\t\t\t\t\t\t<h5 class=\"heading\"><a href=\"https:\/\/beta1.windom.com.pl\/index.php\/showcase\/case011\/\" rel=\"bookmark\" title=\"VR Experience\" class=\"post-title\">VR Experience<\/a><\/h5><div class=\"entry-meta\"><\/div><p class=\"short-description\">Sed fringilla gravida lorem id rhoncus justo egestas sed. Nunc quis viverra metus cursus tempor purus et tincidunt.<\/p>\t\t\t\t\t\t\t\t<\/div>\n\t\t\t\t\t\t\t<\/div>\n\t\t\t\t\t\t<\/article>\n\t\t\t\t\t<\/div>\t\t\t\t\t\t\t\t\t\t<div class=\"wf-cell hidden \">\n\t\t\t\t\t\t<article class=\"post visible wrapper no-img post-82206 showcase type-showcase status-publish hentry\">\n\n\t\t\t\t\t\t\t<div class=\"post-content-wrapper\">\n\t\t\t\t\t\t\t\t\t\t\t\t\t\t\t\t<div class=\"post-entry-content\">\n\t\t\t\t\t\t\t\t\t<h5 class=\"heading\"><a href=\"https:\/\/beta1.windom.com.pl\/index.php\/showcase\/case009\/\" rel=\"bookmark\" title=\"Zero Gravity\" class=\"post-title\">Zero Gravity<\/a><\/h5><div class=\"entry-meta\"><\/div><p class=\"short-description\">liquam placerat nibh nec libero gravida, eu pretium nisi volutpat ac bibendum augue.<\/p>\t\t\t\t\t\t\t\t<\/div>\n\t\t\t\t\t\t\t<\/div>\n\t\t\t\t\t\t<\/article>\n\t\t\t\t\t<\/div>\t\t\t\t\t\t\t\t\t\t<div class=\"wf-cell hidden \">\n\t\t\t\t\t\t<article class=\"post visible wrapper no-img post-82204 showcase type-showcase status-publish hentry\">\n\n\t\t\t\t\t\t\t<div class=\"post-content-wrapper\">\n\t\t\t\t\t\t\t\t\t\t\t\t\t\t\t\t<div class=\"post-entry-content\">\n\t\t\t\t\t\t\t\t\t<h5 class=\"heading\"><a href=\"https:\/\/beta1.windom.com.pl\/index.php\/showcase\/case007\/\" rel=\"bookmark\" title=\"Robo Seven\" class=\"post-title\">Robo Seven<\/a><\/h5><div class=\"entry-meta\"><\/div><p class=\"short-description\">Netus et malesuada fames ac turpis egestas. Etiam ultrices blandit ipsum ornare efficitur. <\/p>\t\t\t\t\t\t\t\t<\/div>\n\t\t\t\t\t\t\t<\/div>\n\t\t\t\t\t\t<\/article>\n\t\t\t\t\t<\/div>\t\t\t\t\t\t\t\t\t\t<div class=\"wf-cell hidden \">\n\t\t\t\t\t\t<article class=\"post visible wrapper no-img post-82207 showcase type-showcase status-publish hentry\">\n\n\t\t\t\t\t\t\t<div class=\"post-content-wrapper\">\n\t\t\t\t\t\t\t\t\t\t\t\t\t\t\t\t<div class=\"post-entry-content\">\n\t\t\t\t\t\t\t\t\t<h5 class=\"heading\"><a href=\"https:\/\/beta1.windom.com.pl\/index.php\/showcase\/case010\/\" rel=\"bookmark\" title=\"Abstract\" class=\"post-title\">Abstract<\/a><\/h5><div class=\"entry-meta\"><\/div><p class=\"short-description\">Placerat nibh nec libero gravida eu pretium nisi dolor ac bibendum augue dolor.<\/p>\t\t\t\t\t\t\t\t<\/div>\n\t\t\t\t\t\t\t<\/div>\n\t\t\t\t\t\t<\/article>\n\t\t\t\t\t<\/div>\t\t\t\t\t\t\t\t\t\t<div class=\"wf-cell hidden \">\n\t\t\t\t\t\t<article class=\"post visible wrapper no-img post-82209 showcase type-showcase status-publish hentry\">\n\n\t\t\t\t\t\t\t<div class=\"post-content-wrapper\">\n\t\t\t\t\t\t\t\t\t\t\t\t\t\t\t\t<div class=\"post-entry-content\">\n\t\t\t\t\t\t\t\t\t<h5 class=\"heading\"><a href=\"https:\/\/beta1.windom.com.pl\/index.php\/showcase\/case012\/\" rel=\"bookmark\" title=\"Modern Cyborgs\" class=\"post-title\">Modern Cyborgs<\/a><\/h5><div class=\"entry-meta\"><\/div><p class=\"short-description\">Sed eu ligula pellentesque neque congue pretium. In vel semper nisl, id suscipit justo.\n\n<\/p>\t\t\t\t\t\t\t\t<\/div>\n\t\t\t\t\t\t\t<\/div>\n\t\t\t\t\t\t<\/article>\n\t\t\t\t\t<\/div>\t\t\t\t\t\t\t\t\t\t<div class=\"wf-cell hidden \">\n\t\t\t\t\t\t<article class=\"post visible wrapper no-img post-82202 showcase type-showcase status-publish hentry\">\n\n\t\t\t\t\t\t\t<div class=\"post-content-wrapper\">\n\t\t\t\t\t\t\t\t\t\t\t\t\t\t\t\t<div class=\"post-entry-content\">\n\t\t\t\t\t\t\t\t\t<h5 class=\"heading\"><a href=\"https:\/\/beta1.windom.com.pl\/index.php\/showcase\/case005\/\" rel=\"bookmark\" title=\"3D World\" class=\"post-title\">3D World<\/a><\/h5><div class=\"entry-meta\"><\/div><p class=\"short-description\">Sed fringilla - gravida lorem lorem ipsum dolor id rhoncus justo egestas sed.<\/p>\t\t\t\t\t\t\t\t<\/div>\n\t\t\t\t\t\t\t<\/div>\n\t\t\t\t\t\t<\/article>\n\t\t\t\t\t<\/div>\t\t\t\t\t\t\t\t<\/div>\n\t\t<div class=\"paginator filter-decorations paginator-more-button filter-pointer-background\">\n\t\t\t\t<a class=\"button-load-more highlighted filter-item\" href=\"javascript:void(0);\" data-dt-page=\"1\" ><span class=\"button-caption\">Load more<\/span><\/a>\n\t\t\t<\/div><\/div>\t\t\t\t<\/div>\n\t\t\t\t<\/div>\n\t\t\t\t\t<\/div>\n\t\t<\/div>\n\t\t\t\t\t<\/div>\n\t\t<\/section>\n\t\t\t\t<\/div>\n\t\t","protected":false},"excerpt":{"rendered":"","protected":false},"author":2,"featured_media":0,"parent":0,"menu_order":44,"comment_status":"closed","ping_status":"closed","template":"","meta":{"content-type":"","footnotes":""},"class_list":["post-86045","page","type-page","status-publish","hentry"],"acf":[],"yoast_head":"<!-- This site is optimized with the Yoast SEO Premium plugin v26.3 (Yoast SEO v24.6) - https:\/\/yoast.com\/wordpress\/plugins\/seo\/ -->\n<title>Showcase layout 3 - WINDOM D\u017awigi Osobowe<\/title>\n<meta name=\"robots\" content=\"index, follow, max-snippet:-1, max-image-preview:large, max-video-preview:-1\" \/>\n<link rel=\"canonical\" href=\"https:\/\/beta1.windom.com.pl\/index.php\/showcase-layout-3\/\" \/>\n<meta property=\"og:locale\" content=\"pl_PL\" \/>\n<meta property=\"og:type\" content=\"article\" \/>\n<meta property=\"og:title\" content=\"Showcase layout 3 - WINDOM D\u017awigi Osobowe\" \/>\n<meta property=\"og:url\" content=\"https:\/\/beta1.windom.com.pl\/index.php\/showcase-layout-3\/\" \/>\n<meta property=\"og:site_name\" content=\"WINDOM D\u017awigi Osobowe\" \/>\n<meta name=\"twitter:card\" content=\"summary_large_image\" \/>\n<script type=\"application\/ld+json\" class=\"yoast-schema-graph\">{\"@context\":\"https:\/\/schema.org\",\"@graph\":[{\"@type\":\"WebPage\",\"@id\":\"https:\/\/beta1.windom.com.pl\/index.php\/showcase-layout-3\/\",\"url\":\"https:\/\/beta1.windom.com.pl\/index.php\/showcase-layout-3\/\",\"name\":\"Showcase layout 3 - WINDOM D\u017awigi Osobowe\",\"isPartOf\":{\"@id\":\"https:\/\/beta1.windom.com.pl\/#website\"},\"datePublished\":\"2023-01-29T20:01:18+00:00\",\"breadcrumb\":{\"@id\":\"https:\/\/beta1.windom.com.pl\/index.php\/showcase-layout-3\/#breadcrumb\"},\"inLanguage\":\"pl-PL\",\"potentialAction\":[{\"@type\":\"ReadAction\",\"target\":[\"https:\/\/beta1.windom.com.pl\/index.php\/showcase-layout-3\/\"]}]},{\"@type\":\"BreadcrumbList\",\"@id\":\"https:\/\/beta1.windom.com.pl\/index.php\/showcase-layout-3\/#breadcrumb\",\"itemListElement\":[{\"@type\":\"ListItem\",\"position\":1,\"name\":\"Strona g\u0142\u00f3wna\",\"item\":\"https:\/\/beta1.windom.com.pl\/\"},{\"@type\":\"ListItem\",\"position\":2,\"name\":\"Showcase layout 3\"}]},{\"@type\":\"WebSite\",\"@id\":\"https:\/\/beta1.windom.com.pl\/#website\",\"url\":\"https:\/\/beta1.windom.com.pl\/\",\"name\":\"WINDOM D\u017awigi Osobowe\",\"description\":\"Modernizacja, Koserwacja, Monta\u017c Wind\",\"potentialAction\":[{\"@type\":\"SearchAction\",\"target\":{\"@type\":\"EntryPoint\",\"urlTemplate\":\"https:\/\/beta1.windom.com.pl\/?s={search_term_string}\"},\"query-input\":{\"@type\":\"PropertyValueSpecification\",\"valueRequired\":true,\"valueName\":\"search_term_string\"}}],\"inLanguage\":\"pl-PL\"}]}<\/script>\n<!-- \/ Yoast SEO Premium plugin. -->","yoast_head_json":{"title":"Showcase layout 3 - WINDOM D\u017awigi Osobowe","robots":{"index":"index","follow":"follow","max-snippet":"max-snippet:-1","max-image-preview":"max-image-preview:large","max-video-preview":"max-video-preview:-1"},"canonical":"https:\/\/beta1.windom.com.pl\/index.php\/showcase-layout-3\/","og_locale":"pl_PL","og_type":"article","og_title":"Showcase layout 3 - WINDOM D\u017awigi Osobowe","og_url":"https:\/\/beta1.windom.com.pl\/index.php\/showcase-layout-3\/","og_site_name":"WINDOM D\u017awigi Osobowe","twitter_card":"summary_large_image","schema":{"@context":"https:\/\/schema.org","@graph":[{"@type":"WebPage","@id":"https:\/\/beta1.windom.com.pl\/index.php\/showcase-layout-3\/","url":"https:\/\/beta1.windom.com.pl\/index.php\/showcase-layout-3\/","name":"Showcase layout 3 - WINDOM D\u017awigi Osobowe","isPartOf":{"@id":"https:\/\/beta1.windom.com.pl\/#website"},"datePublished":"2023-01-29T20:01:18+00:00","breadcrumb":{"@id":"https:\/\/beta1.windom.com.pl\/index.php\/showcase-layout-3\/#breadcrumb"},"inLanguage":"pl-PL","potentialAction":[{"@type":"ReadAction","target":["https:\/\/beta1.windom.com.pl\/index.php\/showcase-layout-3\/"]}]},{"@type":"BreadcrumbList","@id":"https:\/\/beta1.windom.com.pl\/index.php\/showcase-layout-3\/#breadcrumb","itemListElement":[{"@type":"ListItem","position":1,"name":"Strona g\u0142\u00f3wna","item":"https:\/\/beta1.windom.com.pl\/"},{"@type":"ListItem","position":2,"name":"Showcase layout 3"}]},{"@type":"WebSite","@id":"https:\/\/beta1.windom.com.pl\/#website","url":"https:\/\/beta1.windom.com.pl\/","name":"WINDOM D\u017awigi Osobowe","description":"Modernizacja, Koserwacja, Monta\u017c Wind","potentialAction":[{"@type":"SearchAction","target":{"@type":"EntryPoint","urlTemplate":"https:\/\/beta1.windom.com.pl\/?s={search_term_string}"},"query-input":{"@type":"PropertyValueSpecification","valueRequired":true,"valueName":"search_term_string"}}],"inLanguage":"pl-PL"}]}},"_links":{"self":[{"href":"https:\/\/beta1.windom.com.pl\/index.php\/wp-json\/wp\/v2\/pages\/86045","targetHints":{"allow":["GET"]}}],"collection":[{"href":"https:\/\/beta1.windom.com.pl\/index.php\/wp-json\/wp\/v2\/pages"}],"about":[{"href":"https:\/\/beta1.windom.com.pl\/index.php\/wp-json\/wp\/v2\/types\/page"}],"author":[{"embeddable":true,"href":"https:\/\/beta1.windom.com.pl\/index.php\/wp-json\/wp\/v2\/users\/2"}],"replies":[{"embeddable":true,"href":"https:\/\/beta1.windom.com.pl\/index.php\/wp-json\/wp\/v2\/comments?post=86045"}],"version-history":[{"count":0,"href":"https:\/\/beta1.windom.com.pl\/index.php\/wp-json\/wp\/v2\/pages\/86045\/revisions"}],"wp:attachment":[{"href":"https:\/\/beta1.windom.com.pl\/index.php\/wp-json\/wp\/v2\/media?parent=86045"}],"curies":[{"name":"wp","href":"https:\/\/api.w.org\/{rel}","templated":true}]}}